{"id":43,"date":"2020-08-29T21:53:28","date_gmt":"2020-08-29T19:53:28","guid":{"rendered":"https:\/\/healthy-decisions.com\/?page_id=43"},"modified":"2023-03-07T01:28:52","modified_gmt":"2023-03-07T00:28:52","slug":"kontakt","status":"publish","type":"page","link":"https:\/\/healthy-decisions.com\/de\/kontakt\/","title":{"rendered":"Kontakt"},"content":{"rendered":"<style>.kb-row-layout-id_7be9d0-89 > .kt-row-column-wrap{align-content:start;}:where(.kb-row-layout-id_7be9d0-89 > .kt-row-column-wrap) > .wp-block-kadence-column{justify-content:start;}.kb-row-layout-id_7be9d0-89 > .kt-row-column-wrap{column-gap:var(--global-kb-gap-md, 2rem);row-gap:var(--global-kb-gap-md, 2rem);max-width:700px;margin-left:auto;margin-right:auto;padding-top:var(--global-kb-spacing-sm, 1.5rem);padding-bottom:var(--global-kb-spacing-sm, 1.5rem);grid-template-columns:minmax(0, 1fr);}.kb-row-layout-id_7be9d0-89 > .kt-row-layout-overlay{opacity:0.30;}@media all and (max-width: 1024px){.kb-row-layout-id_7be9d0-89 > .kt-row-column-wrap{grid-template-columns:minmax(0, 1fr);}}@media all and (max-width: 767px){.kb-row-layout-id_7be9d0-89 > .kt-row-column-wrap{grid-template-columns:minmax(0, 1fr);}}<\/style><div class=\"kb-row-layout-wrap kb-row-layout-id_7be9d0-89 alignfull wp-block-kadence-rowlayout\"><div class=\"kt-row-column-wrap kt-has-1-columns kt-row-layout-equal kt-tab-layout-inherit kt-mobile-layout-row kt-row-valign-top\">\n<style>.kadence-column_7cf585-12 > .kt-inside-inner-col,.kadence-column_7cf585-12 > .kt-inside-inner-col:before{border-top-left-radius:0px;border-top-right-radius:0px;border-bottom-right-radius:0px;border-bottom-left-radius:0px;}.kadence-column_7cf585-12 > .kt-inside-inner-col:before{opacity:0.3;}.kadence-column_7cf585-12{position:relative;}<\/style>\n<div class=\"wp-block-kadence-column kadence-column_7cf585-12 inner-column-1\"><div class=\"kt-inside-inner-col\"><style>.wp-block-kadence-advancedheading.kt-adv-heading_513fa7-8b, .wp-block-kadence-advancedheading.kt-adv-heading_513fa7-8b[data-kb-block=\"kb-adv-heading_513fa7-8b\"]{margin-bottom:3rem;text-align:center;font-style:normal;}.wp-block-kadence-advancedheading.kt-adv-heading_513fa7-8b mark, .wp-block-kadence-advancedheading.kt-adv-heading_513fa7-8b[data-kb-block=\"kb-adv-heading_513fa7-8b\"] mark{font-weight:normal;font-style:normal;color:#f76a0c;padding-top:0px;padding-right:0px;padding-bottom:0px;padding-left:0px;}<\/style>\n<h1 class=\"kt-adv-heading_513fa7-8b heading-design-2 wp-block-kadence-advancedheading\" data-kb-block=\"kb-adv-heading_513fa7-8b\">Jetzt in Kontakt treten<\/h1>\n\n\n<style>.wp-block-kadence-advancedheading.kt-adv-heading_cc2659-ce, .wp-block-kadence-advancedheading.kt-adv-heading_cc2659-ce[data-kb-block=\"kb-adv-heading_cc2659-ce\"]{font-weight:normal;font-style:normal;}.wp-block-kadence-advancedheading.kt-adv-heading_cc2659-ce mark, .wp-block-kadence-advancedheading.kt-adv-heading_cc2659-ce[data-kb-block=\"kb-adv-heading_cc2659-ce\"] mark{font-weight:normal;font-style:normal;color:#f76a0c;padding-top:0px;padding-right:0px;padding-bottom:0px;padding-left:0px;}<\/style>\n<p class=\"kt-adv-heading_cc2659-ce wp-block-kadence-advancedheading\" data-kb-block=\"kb-adv-heading_cc2659-ce\">Bei Anregungen oder Anfragen k\u00f6nnt ihr mir gerne eine E-Mail schreiben, indem ihr das untenstehende Kontaktformular ausf\u00fcllt. Ich freue mich \u00fcber eure Nachrichten und bem\u00fche mich, schnellstm\u00f6glich zu antworten!<\/p>\n\n\n<style>.kadence-form-_71537b-ba .kb-form .kadence-blocks-form-field .kb-text-style-field, .kadence-form-_71537b-ba .kb-form .kadence-blocks-form-field .kb-select-style-field{border-radius:10px;}.kadence-form-_71537b-ba .kb-form .kadence-blocks-form-field .kb-forms-submit{color:var(--global-palette9, #ffffff);border-radius:10px;background:#8d7471;}.kadence-form-_71537b-ba .kb-form .kadence-blocks-form-field .kb-forms-submit:hover, .kadence-form-_71537b-ba .kb-form .kadence-blocks-form-field .kb-forms-submit:focus {color:var(--global-palette9, #ffffff);background:#856e6b;}<\/style>\n<div class=\"wp-block-kadence-form kadence-form-_71537b-ba kb-form-wrap\"><form class=\"kb-form\" action=\"\" method=\"post\"><div class=\"kadence-blocks-form-field kb-field-desk-width-100 kb-input-size-standard\"><label for=\"kb_field__71537b-ba_0\">Name<\/label><input name=\"kb_field_0\" id=\"kb_field__71537b-ba_0\" data-label=\"Name\" type=\"text\" placeholder=\"\" value=\"\" data-type=\"text\" class=\"kb-field kb-text-style-field kb-text-field kb-field-0\"\/><\/div><div class=\"kadence-blocks-form-field kb-form-field-1 kb-field-desk-width-100 kb-input-size-standard\"><label for=\"kb_field__71537b-ba_1\">E-Mail<span class=\"required\">*<\/span><\/label><input name=\"kb_field_1\" id=\"kb_field__71537b-ba_1\" data-label=\"E-Mail\" type=\"email\" placeholder=\"\" value=\"\" data-type=\"email\" class=\"kb-field kb-text-style-field kb-email-field kb-field-1\" data-required=\"yes\"\/><\/div><div class=\"kadence-blocks-form-field kb-form-field-2 kb-field-desk-width-100 kb-input-size-standard\"><label for=\"kb_field__71537b-ba_2\">Nachricht<span class=\"required\">*<\/span><\/label><textarea name=\"kb_field_2\" id=\"kb_field__71537b-ba_2\" data-label=\"Nachricht\" type=\"textarea\" placeholder=\"\" data-type=\"textarea\" class=\"kb-field kb-text-style-field kb-textarea-field kb-field-2\" rows=\"4\" data-required=\"yes\"><\/textarea><\/div><input type=\"hidden\" name=\"_kb_form_id\" value=\"_71537b-ba\"\/><input type=\"hidden\" name=\"_kb_form_post_id\" value=\"43\"\/><input type=\"hidden\" name=\"action\" value=\"kb_process_ajax_submit\"\/><input type=\"hidden\" name=\"recaptcha_response\" class=\"kb_recaptcha_response kb_recaptcha__71537b-ba\"\/><input class=\"kadence-blocks-field verify\" type=\"text\" name=\"_kb_verify_email\" autocomplete=\"off\" aria-hidden=\"true\" placeholder=\"Email\" tabindex=\"-1\"\/><div class=\"kadence-blocks-form-field kb-submit-field kb-field-desk-width-100\"><button class=\"kb-forms-submit button kb-button-size-standard kb-button-width-auto\">Senden<\/button><\/div><\/form><\/div>\n<noscript><div class=\"kadence-blocks-form-message kadence-blocks-form-warning\">Please enable JavaScript in your browser to submit the form<\/div><style>.kadence-form-_71537b-ba .kadence-blocks-form-field.kb-submit-field { display: none; }<\/style><\/noscript><\/div><\/div>\n\n<\/div><\/div>","protected":false},"excerpt":{"rendered":"<p>Jetzt in Kontakt treten Bei Anregungen oder Anfragen k\u00f6nnt ihr mir gerne eine E-Mail schreiben, indem ihr das untenstehende Kontaktformular ausf\u00fcllt. Ich freue mich \u00fcber eure Nachrichten und bem\u00fche mich, schnellstm\u00f6glich zu antworten!<\/p>\n","protected":false},"author":1,"featured_media":0,"parent":0,"menu_order":0,"comment_status":"closed","ping_status":"closed","template":"","meta":{"inline_featured_image":false,"wprm-recipe-roundup-name":"","wprm-recipe-roundup-description":"","_kad_blocks_custom_css":"","_kad_blocks_head_custom_js":"","_kad_blocks_body_custom_js":"","_kad_blocks_footer_custom_js":"","_kad_post_transparent":"","_kad_post_title":"","_kad_post_layout":"","_kad_post_sidebar_id":"","_kad_post_content_style":"","_kad_post_vertical_padding":"","_kad_post_feature":"","_kad_post_feature_position":"","_kad_post_header":false,"_kad_post_footer":false},"featured_image_src_large":false,"author_info":{"display_name":"Elena","author_link":"https:\/\/healthy-decisions.com\/de\/author\/elenavanbaalasperden2020\/"},"comment_info":0,"taxonomy_info":[],"_links":{"self":[{"href":"https:\/\/healthy-decisions.com\/de\/wp-json\/wp\/v2\/pages\/43"}],"collection":[{"href":"https:\/\/healthy-decisions.com\/de\/wp-json\/wp\/v2\/pages"}],"about":[{"href":"https:\/\/healthy-decisions.com\/de\/wp-json\/wp\/v2\/types\/page"}],"author":[{"embeddable":true,"href":"https:\/\/healthy-decisions.com\/de\/wp-json\/wp\/v2\/users\/1"}],"replies":[{"embeddable":true,"href":"https:\/\/healthy-decisions.com\/de\/wp-json\/wp\/v2\/comments?post=43"}],"version-history":[{"count":1,"href":"https:\/\/healthy-decisions.com\/de\/wp-json\/wp\/v2\/pages\/43\/revisions"}],"predecessor-version":[{"id":39318,"href":"https:\/\/healthy-decisions.com\/de\/wp-json\/wp\/v2\/pages\/43\/revisions\/39318"}],"wp:attachment":[{"href":"https:\/\/healthy-decisions.com\/de\/wp-json\/wp\/v2\/media?parent=43"}],"curies":[{"name":"wp","href":"https:\/\/api.w.org\/{rel}","templated":true}]}}